{"id":1386,"date":"2024-04-15T14:18:15","date_gmt":"2024-04-15T14:18:15","guid":{"rendered":"https:\/\/fivespices.ch\/restaurant\/?page_id=1386"},"modified":"2024-06-25T17:02:00","modified_gmt":"2024-06-25T17:02:00","slug":"index-2","status":"publish","type":"page","link":"https:\/\/fivespices.ch\/restaurant\/index-2\/","title":{"rendered":"Index"},"content":{"rendered":"<p>[et_pb_section fb_built=&#8221;1&#8243; _builder_version=&#8221;4.16&#8243; background_color=&#8221;#ffffff&#8221; transparent_background=&#8221;off&#8221; global_colors_info=&#8221;{}&#8221;][et_pb_row _builder_version=&#8221;4.16&#8243; background_size=&#8221;initial&#8221; background_position=&#8221;top_left&#8221; background_repeat=&#8221;repeat&#8221; global_colors_info=&#8221;{}&#8221;][et_pb_column type=&#8221;4_4&#8243; _builder_version=&#8221;4.16&#8243; custom_padding=&#8221;|||&#8221; global_colors_info=&#8221;{}&#8221; custom_padding__hover=&#8221;|||&#8221;][et_pb_slider admin_label=&#8221;Slider&#8221; _builder_version=&#8221;4.16&#8243; custom_padding=&#8221;|||&#8221; custom_padding_tablet=&#8221;|||&#8221; custom_padding_phone=&#8221;|||&#8221; auto=&#8221;on&#8221; auto_speed=&#8221;3500&#8243; box_shadow_style=&#8221;preset6&#8243; box_shadow_blur=&#8221;10px&#8221; box_shadow_color=&#8221;rgba(0,0,0,0.1)&#8221; show_inner_shadow=&#8221;on&#8221; global_colors_info=&#8221;{}&#8221; button_text_size__hover_enabled=&#8221;off&#8221; button_one_text_size__hover_enabled=&#8221;off&#8221; button_two_text_size__hover_enabled=&#8221;off&#8221; button_text_color__hover_enabled=&#8221;off&#8221; button_one_text_color__hover_enabled=&#8221;off&#8221; button_two_text_color__hover_enabled=&#8221;off&#8221; button_border_width__hover_enabled=&#8221;off&#8221; button_one_border_width__hover_enabled=&#8221;off&#8221; button_two_border_width__hover_enabled=&#8221;off&#8221; button_border_color__hover_enabled=&#8221;off&#8221; button_one_border_color__hover_enabled=&#8221;off&#8221; button_two_border_color__hover_enabled=&#8221;off&#8221; button_border_radius__hover_enabled=&#8221;off&#8221; button_one_border_radius__hover_enabled=&#8221;off&#8221; button_two_border_radius__hover_enabled=&#8221;off&#8221; button_letter_spacing__hover_enabled=&#8221;off&#8221; button_one_letter_spacing__hover_enabled=&#8221;off&#8221; button_two_letter_spacing__hover_enabled=&#8221;off&#8221; button_bg_color__hover_enabled=&#8221;off&#8221; button_one_bg_color__hover_enabled=&#8221;off&#8221; button_two_bg_color__hover_enabled=&#8221;off&#8221;][et_pb_slide _builder_version=&#8221;4.16&#8243; background_color=&#8221;#ffffff&#8221; background_image=&#8221;http:\/\/fivespices.ch\/restaurant\/wp-content\/uploads\/2016\/02\/logo_long_border.jpg&#8221; global_colors_info=&#8221;{}&#8221; button_text_size__hover_enabled=&#8221;off&#8221; button_one_text_size__hover_enabled=&#8221;off&#8221; button_two_text_size__hover_enabled=&#8221;off&#8221; button_text_color__hover_enabled=&#8221;off&#8221; button_one_text_color__hover_enabled=&#8221;off&#8221; button_two_text_color__hover_enabled=&#8221;off&#8221; button_border_width__hover_enabled=&#8221;off&#8221; button_one_border_width__hover_enabled=&#8221;off&#8221; button_two_border_width__hover_enabled=&#8221;off&#8221; button_border_color__hover_enabled=&#8221;off&#8221; button_one_border_color__hover_enabled=&#8221;off&#8221; button_two_border_color__hover_enabled=&#8221;off&#8221; button_border_radius__hover_enabled=&#8221;off&#8221; button_one_border_radius__hover_enabled=&#8221;off&#8221; button_two_border_radius__hover_enabled=&#8221;off&#8221; button_letter_spacing__hover_enabled=&#8221;off&#8221; button_one_letter_spacing__hover_enabled=&#8221;off&#8221; button_two_letter_spacing__hover_enabled=&#8221;off&#8221; button_bg_color__hover_enabled=&#8221;off&#8221; button_one_bg_color__hover_enabled=&#8221;off&#8221; button_two_bg_color__hover_enabled=&#8221;off&#8221; sticky_transition=&#8221;on&#8221;][\/et_pb_slide][\/et_pb_slider][et_pb_divider show_divider=&#8221;off&#8221; _builder_version=&#8221;4.16&#8243; _module_preset=&#8221;default&#8221; global_colors_info=&#8221;{}&#8221;][\/et_pb_divider][\/et_pb_column][\/et_pb_row][et_pb_row column_structure=&#8221;1_3,1_3,1_3&#8243; _builder_version=&#8221;4.20.4&#8243; background_size=&#8221;initial&#8221; background_position=&#8221;top_left&#8221; background_repeat=&#8221;repeat&#8221; global_colors_info=&#8221;{}&#8221;][et_pb_column type=&#8221;1_3&#8243; _builder_version=&#8221;4.16&#8243; custom_padding=&#8221;|||&#8221; global_colors_info=&#8221;{}&#8221; custom_padding__hover=&#8221;|||&#8221;][et_pb_image src=&#8221;http:\/\/fivespices.ch\/restaurant\/wp-content\/uploads\/2016\/02\/batch_SAM_0617-e1460223929824.jpg&#8221; title_text=&#8221;FiveSpices.ch&#8221; url=&#8221;http:\/\/fivespices.ch\/restaurant\/home&#8221; align=&#8221;center&#8221; force_fullwidth=&#8221;on&#8221; align_tablet=&#8221;center&#8221; align_phone=&#8221;center&#8221; align_last_edited=&#8221;on|desktop&#8221; admin_label=&#8221;Image&#8221; module_class=&#8221;index_image_align&#8221; _builder_version=&#8221;4.20.4&#8243; custom_margin=&#8221;||37px|||&#8221; animation_style=&#8221;slide&#8221; animation_direction=&#8221;left&#8221; animation_duration=&#8221;500ms&#8221; animation_intensity_slide=&#8221;10%&#8221; box_shadow_style=&#8221;preset6&#8243; animation=&#8221;left&#8221; sticky=&#8221;off&#8221; global_colors_info=&#8221;{}&#8221;][\/et_pb_image][et_pb_text admin_label=&#8221;Text&#8221; _builder_version=&#8221;4.24.3&#8243; background_size=&#8221;initial&#8221; background_position=&#8221;top_left&#8221; background_repeat=&#8221;repeat&#8221; global_colors_info=&#8221;{}&#8221;]<\/p>\n<h1 style=\"text-align: center;\"><strong><span style=\"font-size: x-large;\">Five Spice<br \/>Thai Restaurant<\/span><\/strong><\/h1>\n<h1 style=\"text-align: center;\"><strong><span style=\"font-size: x-large;\"> &amp;<\/span><\/strong><\/h1>\n<h1 style=\"text-align: center;\"><strong><span style=\"font-size: x-large;\"> Take Away<\/span><\/strong><\/h1>\n<h1 style=\"text-align: center;\"><span style=\"font-size: x-large;\">Sihlfeldstrasse 81<\/span><\/h1>\n<h1 style=\"text-align: center;\"><span style=\"font-size: x-large;\">8004 Z\u00fcrich<\/span><\/h1>\n<h1 style=\"text-align: center;\"><span style=\"font-size: x-large;\">Tel:\u00a0 044 291 00 42<\/span><br \/><span style=\"font-size: x-large;\">Fax: 044 291 00 46<\/span><\/h1>\n<p style=\"text-align: center;\"><span style=\"font-size: x-large;\"><a href=\"mailto:info@fivespices.ch\">info@fivespices.ch<\/a><\/span><\/p>\n<p><span style=\"font-size: x-large;\"><\/span><\/p>\n<p><span style=\"font-size: x-large;\"><\/span><\/p>\n<p>[\/et_pb_text][et_pb_image src=&#8221;https:\/\/fivespices.ch\/restaurant\/wp-content\/uploads\/2022\/05\/5spiceEntrance-scaled.jpg&#8221; url=&#8221;https:\/\/fivespices.ch\/restaurant\/&#8221; _builder_version=&#8221;4.17.4&#8243; _module_preset=&#8221;default&#8221; global_colors_info=&#8221;{}&#8221;][\/et_pb_image][\/et_pb_column][et_pb_column type=&#8221;1_3&#8243; _builder_version=&#8221;4.16&#8243; custom_padding=&#8221;|||&#8221; global_colors_info=&#8221;{}&#8221; custom_padding__hover=&#8221;|||&#8221;][et_pb_image src=&#8221;http:\/\/fivespices.ch\/restaurant\/wp-content\/uploads\/2016\/02\/S__12746781.jpg&#8221; url=&#8221;https:\/\/www.thai-kurier.ch&#8221; url_new_window=&#8221;on&#8221; align_tablet=&#8221;center&#8221; align_phone=&#8221;center&#8221; align_last_edited=&#8221;on|desktop&#8221; admin_label=&#8221;Image&#8221; _builder_version=&#8221;4.24.3&#8243; animation_style=&#8221;slide&#8221; animation_direction=&#8221;left&#8221; animation_duration=&#8221;500ms&#8221; animation_intensity_slide=&#8221;10%&#8221; box_shadow_style=&#8221;preset6&#8243; animation=&#8221;left&#8221; sticky=&#8221;off&#8221; global_colors_info=&#8221;{}&#8221;][\/et_pb_image][et_pb_text _builder_version=&#8221;4.24.3&#8243; _module_preset=&#8221;default&#8221; link_option_url=&#8221;https:\/\/www.thai-kurier.ch\/&#8221; link_option_url_new_window=&#8221;on&#8221; global_colors_info=&#8221;{}&#8221;]<\/p>\n<h2 style=\"text-align: center;\"><strong><\/strong><\/h2>\n<h2 style=\"text-align: center;\"><strong><\/strong><\/h2>\n<h2 style=\"text-align: center;\"><strong>Thai-Kurier<\/strong><\/h2>\n<h2 style=\"text-align: center;\"><strong>Essen Lieferservice<\/strong><\/h2>\n<h4 style=\"text-align: center;\"><span style=\"font-size: x-large;\"><a href=\"https:\/\/www.thai-kurier.ch\/menue\" target=\"_blank\" rel=\"noopener\">Menu<\/a><\/span><\/h4>\n<h2 style=\"text-align: center;\"><a href=\"https:\/\/www.thai-kurier.ch\/\" target=\"_blank\" rel=\"noopener\">www.thai-kurier.ch<\/a><\/h2>\n<p>&nbsp;<\/p>\n<p>&nbsp;<\/p>\n<div id=\"s3gt_translate_tooltip_mini\" class=\"s3gt_translate_tooltip_mini_box\" style=\"background: initial !important; border: initial !important; border-radius: initial !important; border-spacing: initial !important; border-collapse: initial !important; direction: ltr !important; flex-direction: initial !important; font-weight: initial !important; height: initial !important; letter-spacing: initial !important; min-width: initial !important; max-width: initial !important; min-height: initial !important; max-height: initial !important; margin: auto !important; outline: initial !important; padding: initial !important; position: absolute; table-layout: initial !important; text-align: initial !important; text-shadow: initial !important; width: initial !important; word-break: initial !important; word-spacing: initial !important; overflow-wrap: initial !important; box-sizing: initial !important; display: initial !important; color: inherit !important; font-size: 13px !important; font-family: X-LocaleSpecific, sans-serif, Tahoma, Helvetica !important; line-height: 13px !important; vertical-align: top !important; white-space: inherit !important; left: 286px; top: 80px; opacity: 0.55;\" is_bottom=\"true\" is_mini=\"true\">\n<div id=\"s3gt_translate_tooltip_mini_logo\" class=\"s3gt_translate_tooltip_mini\" title=\"Translate selected text\"><\/div>\n<div id=\"s3gt_translate_tooltip_mini_sound\" class=\"s3gt_translate_tooltip_mini\" title=\"Play\" title_play=\"Play\" title_stop=\"Stop\"><\/div>\n<div id=\"s3gt_translate_tooltip_mini_copy\" class=\"s3gt_translate_tooltip_mini\" title=\"Copy text to Clipboard\"><\/div>\n<\/div>\n<div id=\"s3gt_translate_tooltip_mini\" class=\"s3gt_translate_tooltip_mini_box\" style=\"background: initial !important; border: initial !important; border-radius: initial !important; border-spacing: initial !important; border-collapse: initial !important; direction: ltr !important; flex-direction: initial !important; font-weight: initial !important; height: initial !important; letter-spacing: initial !important; min-width: initial !important; max-width: initial !important; min-height: initial !important; max-height: initial !important; margin: auto !important; outline: initial !important; padding: initial !important; position: absolute; table-layout: initial !important; text-align: initial !important; text-shadow: initial !important; width: initial !important; word-break: initial !important; word-spacing: initial !important; overflow-wrap: initial !important; box-sizing: initial !important; display: initial !important; color: inherit !important; font-size: 13px !important; font-family: X-LocaleSpecific, sans-serif, Tahoma, Helvetica !important; line-height: 13px !important; vertical-align: top !important; white-space: inherit !important; left: 199px; top: 270px; opacity: 0.15;\" is_bottom=\"true\" is_mini=\"true\">\n<div id=\"s3gt_translate_tooltip_mini_logo\" class=\"s3gt_translate_tooltip_mini\" title=\"Translate selected text\"><\/div>\n<div id=\"s3gt_translate_tooltip_mini_sound\" class=\"s3gt_translate_tooltip_mini\" title=\"Play\" title_play=\"Play\" title_stop=\"Stop\"><\/div>\n<div id=\"s3gt_translate_tooltip_mini_copy\" class=\"s3gt_translate_tooltip_mini\" title=\"Copy text to Clipboard\"><\/div>\n<\/div>\n<p>[\/et_pb_text][et_pb_image src=&#8221;https:\/\/fivespices.ch\/restaurant\/wp-content\/uploads\/2024\/04\/ThaiKurier-Lieferkreise.jpg&#8221; title_text=&#8221;ThaiKurier Lieferkreise&#8221; url=&#8221;https:\/\/www.thai-kurier.ch\/essen-zum-mitnehmen-und-zum-liefern&#8221; url_new_window=&#8221;on&#8221; _builder_version=&#8221;4.24.3&#8243; _module_preset=&#8221;default&#8221; global_colors_info=&#8221;{}&#8221;][\/et_pb_image][\/et_pb_column][et_pb_column type=&#8221;1_3&#8243; _builder_version=&#8221;4.16&#8243; custom_padding=&#8221;|||&#8221; global_colors_info=&#8221;{}&#8221; custom_padding__hover=&#8221;|||&#8221;][et_pb_text admin_label=&#8221;Text&#8221; _builder_version=&#8221;4.25.2&#8243; background_size=&#8221;initial&#8221; background_position=&#8221;top_left&#8221; background_repeat=&#8221;repeat&#8221; hover_enabled=&#8221;0&#8243; global_colors_info=&#8221;{}&#8221; sticky_enabled=&#8221;0&#8243;]<\/p>\n<p style=\"text-align: center;\"><span style=\"color: #808080;\"><a href=\"https:\/\/fivespices.ch\/restaurant\" style=\"color: #808080;\"><span style=\"font-size: x-large;\"><\/span><\/a><\/span><\/p>\n<p style=\"text-align: center;\"><strong><span>Gesch\u00e4tzte Kundschaft<\/span><\/strong><\/p>\n<p style=\"text-align: center;\"><strong><span><\/span><\/strong><\/p>\n<p style=\"text-align: justify;\"><strong>Gerne empfangen wir Sie im Thai Restaurant Five Spice an der Sihlfeldstrasse 81 in 8004 Z\u00fcrich (ganz in der N\u00e4he der Tram-Haltestelle Lochergut).<\/strong><\/p>\n<p style=\"text-align: justify;\"><strong><span>Das Five Spice ist von Dienstag bis Sonntag ge\u00f6ffnet, bietet auch Pick-up Take Away zu Oeffnungszeiten und verf\u00fcgt \u00fcber einen Delivery Service f\u00fcr Essenslieferungen durch unseren Thai-Kurier.<\/span><\/strong><\/p>\n<p style=\"text-align: justify;\"><strong><span>Wir freuen uns, Sie kulinarisch verw\u00f6hnen zu d\u00fcrfen.<\/span><\/strong><\/p>\n<p style=\"text-align: justify;\"><strong><span><\/span><\/strong><\/p>\n<p style=\"text-align: center;\"><strong>Ihr Five Spice Team<\/strong><strong><\/strong><strong><\/strong><strong><\/strong><strong><\/strong><\/p>\n<p style=\"text-align: center;\"><strong><\/strong><\/p>\n<p style=\"text-align: center;\"><strong><\/strong><\/p>\n<p>&nbsp;<\/p>\n<p>[\/et_pb_text][et_pb_button button_url=&#8221;https:\/\/www.thai-kurier.ch\/essen-zum-mitnehmen-und-zum-liefern&#8221; url_new_window=&#8221;on&#8221; button_text=&#8221;Order Now&#8221; _builder_version=&#8221;4.24.3&#8243; _module_preset=&#8221;default&#8221; hover_enabled=&#8221;0&#8243; global_colors_info=&#8221;{}&#8221; sticky_enabled=&#8221;0&#8243;][\/et_pb_button][et_pb_image src=&#8221;https:\/\/fivespices.ch\/restaurant\/wp-content\/uploads\/2024\/04\/FiveSpiceThaiRestaurantcomp-scaled.jpeg&#8221; title_text=&#8221;FiveSpiceThaiRestaurantcomp&#8221; _builder_version=&#8221;4.24.3&#8243; _module_preset=&#8221;default&#8221; custom_margin=&#8221;0px||||false|false&#8221; custom_padding=&#8221;51px||||false|false&#8221; global_colors_info=&#8221;{}&#8221;][\/et_pb_image][\/et_pb_column][\/et_pb_row][\/et_pb_section][et_pb_section fb_built=&#8221;1&#8243; _builder_version=&#8221;4.17.4&#8243; _module_preset=&#8221;default&#8221; global_colors_info=&#8221;{}&#8221;][et_pb_row _builder_version=&#8221;4.17.4&#8243; _module_preset=&#8221;default&#8221; global_colors_info=&#8221;{}&#8221;][et_pb_column type=&#8221;4_4&#8243; _builder_version=&#8221;4.17.4&#8243; _module_preset=&#8221;default&#8221; global_colors_info=&#8221;{}&#8221;][\/et_pb_column][\/et_pb_row][\/et_pb_section]<\/p>\n","protected":false},"excerpt":{"rendered":"<p>Five SpiceThai Restaurant &amp; Take Away Sihlfeldstrasse 81 8004 Z\u00fcrich Tel:\u00a0 044 291 00 42Fax: 044 291 00 46 info@fivespices.ch Thai-Kurier Essen Lieferservice Menu www.thai-kurier.ch &nbsp; &nbsp; Gesch\u00e4tzte Kundschaft Gerne empfangen wir Sie im Thai Restaurant Five Spice an der Sihlfeldstrasse 81 in 8004 Z\u00fcrich (ganz in der N\u00e4he der Tram-Haltestelle Lochergut). Das Five Spice [&hellip;]<\/p>\n","protected":false},"author":1,"featured_media":0,"parent":0,"menu_order":0,"comment_status":"closed","ping_status":"closed","template":"","meta":{"_et_pb_use_builder":"on","_et_pb_old_content":"","_et_gb_content_width":"","footnotes":""},"class_list":["post-1386","page","type-page","status-publish","hentry"],"_links":{"self":[{"href":"https:\/\/fivespices.ch\/restaurant\/wp-json\/wp\/v2\/pages\/1386","targetHints":{"allow":["GET"]}}],"collection":[{"href":"https:\/\/fivespices.ch\/restaurant\/wp-json\/wp\/v2\/pages"}],"about":[{"href":"https:\/\/fivespices.ch\/restaurant\/wp-json\/wp\/v2\/types\/page"}],"author":[{"embeddable":true,"href":"https:\/\/fivespices.ch\/restaurant\/wp-json\/wp\/v2\/users\/1"}],"replies":[{"embeddable":true,"href":"https:\/\/fivespices.ch\/restaurant\/wp-json\/wp\/v2\/comments?post=1386"}],"version-history":[{"count":6,"href":"https:\/\/fivespices.ch\/restaurant\/wp-json\/wp\/v2\/pages\/1386\/revisions"}],"predecessor-version":[{"id":1495,"href":"https:\/\/fivespices.ch\/restaurant\/wp-json\/wp\/v2\/pages\/1386\/revisions\/1495"}],"wp:attachment":[{"href":"https:\/\/fivespices.ch\/restaurant\/wp-json\/wp\/v2\/media?parent=1386"}],"curies":[{"name":"wp","href":"https:\/\/api.w.org\/{rel}","templated":true}]}}