{"id":107,"date":"2016-02-07T04:32:13","date_gmt":"2016-02-07T04:32:13","guid":{"rendered":"http:\/\/fivespices.ch\/restaurant\/?page_id=107"},"modified":"2022-06-04T21:01:39","modified_gmt":"2022-06-04T21:01:39","slug":"press","status":"publish","type":"page","link":"https:\/\/fivespices.ch\/restaurant\/press\/","title":{"rendered":"Press"},"content":{"rendered":"<p>[et_pb_section fb_built=&#8221;1&#8243; _builder_version=&#8221;4.16&#8243; global_colors_info=&#8221;{}&#8221;][et_pb_row _builder_version=&#8221;4.16&#8243; background_size=&#8221;initial&#8221; background_position=&#8221;top_left&#8221; background_repeat=&#8221;repeat&#8221; global_colors_info=&#8221;{}&#8221;][et_pb_column type=&#8221;4_4&#8243; _builder_version=&#8221;4.16&#8243; custom_padding=&#8221;|||&#8221; global_colors_info=&#8221;{}&#8221; custom_padding__hover=&#8221;|||&#8221;][et_pb_tabs admin_label=&#8221;Press Tabs&#8221; _builder_version=&#8221;4.16&#8243; background_size=&#8221;initial&#8221; background_position=&#8221;top_left&#8221; background_repeat=&#8221;repeat&#8221; global_colors_info=&#8221;{}&#8221;][et_pb_tab title=&#8221;Zuerich Tipp&#8221; _builder_version=&#8221;4.16&#8243; background_size=&#8221;initial&#8221; background_position=&#8221;top_left&#8221; background_repeat=&#8221;repeat&#8221; global_colors_info=&#8221;{}&#8221;]<\/p>\n<div id=\"crumbs\">Five Spice<\/div>\n<h1>WELTOFFEN<\/h1>\n<h5>Aktualisiert am 27.07.2009<\/h5>\n<p class=\"teaser\">Im ehemaligen Divan versucht neu das Thai-Restaurant Five Spice sein Gl\u00fcck mit einer Mischung aus Tradition und Fusion.<\/p>\n<div class=\"leadhtml\">\n<div><center><img decoding=\"async\" src=\"http:\/\/www.fivespices.ch\/Five_Spice_files\/topelement.jpg\" alt=\"\" \/><\/center><\/div>\n<\/div>\n<div class=\"clear\"><\/div>\n<div id=\"contentbox\">\n<div class=\"addthis_toolbox addthis_default_style\">\n<p>Five Spice<\/p>\n<div class=\"atclear\"><\/div>\n<\/div>\n<table>\n<tbody>\n<tr>\n<td>Adresse:<\/td>\n<td>Zweierstr. 106<br \/>8003 Z\u00fcrich\u00a0 (geschlossen seit 30.03.2022)<\/td>\n<\/tr>\n<tr>\n<td>Telefon:<\/td>\n<td><\/td>\n<\/tr>\n<tr>\n<td>Url:<\/td>\n<td><span style=\"font-size: medium;\"><a href=\"http:\/\/www.fivespices.ch\/\" target=\"_blank\" rel=\"noopener\">https:\/\/www.fivespices.ch\/<\/a><\/span><\/td>\n<\/tr>\n<tr>\n<td>\u00d6ffnungszeiten:<\/td>\n<td><\/td>\n<\/tr>\n<\/tbody>\n<\/table>\n<div id=\"maps\">\n<ul class=\"ui-tabs-nav\">\n<li class=\"left ui-tabs-selected\"><a href=\"http:\/\/www.zueritipp.ch\/story\/gastro\/weltoffen\/#panel1\">Karte<\/a><\/li>\n<li class=\"\"><a href=\"http:\/\/www.zueritipp.ch\/story\/gastro\/weltoffen\/#panel2\">Street View<\/a><\/li>\n<\/ul>\n<div id=\"panel1\" class=\"ui-tabs-panel\"><\/div>\n<\/div>\n<p>&nbsp;<\/p>\n<div class=\"profil\">\n<h4>User-Rating<\/h4>\n<p><img decoding=\"async\" class=\"stars\" src=\"http:\/\/www.fivespices.ch\/Five_Spice_files\/img_stars_4.0.png\" alt=\"\" \/><\/p>\n<\/div>\n<div class=\"profil\">\n<h4>Profil<\/h4>\n<h5>Preise<\/h5>\n<p>G\u00fcnstig<\/p>\n<h5>Ambiente<\/h5>\n<p>Einfach\/ungezwungen<\/p>\n<h5>Kriterien<\/h5>\n<p>Attraktiver Garten\/Terasse, Garten\/Terrasse, Kreditkarten &#8211; Ja, Rollstuhlg\u00e4ngig &#8211; Nein, Warme K\u00fcche nach 23 Uhr<\/p>\n<h5>Restaurantarten<\/h5>\n<p>Bar, Restaurant, Take Away<\/p>\n<h5>Restaurant-K\u00fcche<\/h5>\n<p>Asiatisch, Chinesisch, Thai<\/p>\n<\/div>\n<\/div>\n<p>Von Mauro Guarise<\/p>\n<p>Der Chef de Service ist ein Thai, der Koch auch, der Betriebsleiter ebenso, und die Karte ist erst recht thail\u00e4ndisch. Man fragt sich im neuen Restaurant Five Spice ziemlich schnell, weshalb es gerade nach der traditionellen Gew\u00fcrzmischung der chinesischen K\u00fcche benannt wurde. \u00abDie gibt es in ganz Asien\u00bb, kl\u00e4rt uns Betriebsleiter Boonpithak Machu-Ngern auf. Und schliesslich leiteten sie das Restaurant zu f\u00fcnft: \u00abFive friends, five spices\u00bb, sagt er l\u00e4chelnd auf Englisch. Die Verst\u00e4ndigung im Five Spice l\u00e4uft \u00fcber mehrere Sprachen, und das spiegelt sich auch im Angebot.<\/p>\n<p><b>W\u00e4hrschafte Thai-Gerichte<\/b><\/p>\n<p>Die Thai-Currys werden nach klassischer Machart zubereitet. Das merkt man dem Massaman Nua, einem Rinds-Kokos-Curry mit Kartoffeln, Erdn\u00fcssen und Zwiebeln, an: W\u00e4hrschaft kommt es r\u00fcber, fast wie eine Bauernspeise. Raffinierter schmeckt die knusprig gebratene Entenbrust auf gekochtem Eisbergsalat &#8211; daf\u00fcr weniger traditionell. Somporn Pinnil, der junge Koch im Five Spice, l\u00e4sst seinen Chef \u00fcbersetzen: \u00abDie Hausspezialit\u00e4ten sind Fusion-Gerichte; da vermischen sich asiatische und mitteleurop\u00e4ische Ideen.\u00bb Auch muss die Chili-Empfindlichkeit der Z\u00fcrcher Kundschaft erst noch kennen gelernt werden, weshalb die Gerichte in verschiedenen Sch\u00e4rfegraden erh\u00e4ltlich sind.<\/p>\n<p>Koch Pinnil hat zuvor im F\u00fcnfsternehotel Shangri-La in Bangkok gearbeitet, das auch ein preisgekr\u00f6ntes italienisches Restaurant beherbergt. F\u00fcr das Five Spice kombiniert er den Geschmack der klassischen Thai-K\u00fcche mit den Aromen der weiten Welt. Zur globalisierten Kulinarik geh\u00f6rt, dass man alles auch \u00fcber die Gasse haben kann.<\/p>\n<p>Suppen &amp; Salate 6-17 Fr, Hauptg\u00e4nge 16-28 Fr., Durchgehend warme K\u00fcche. Rauchen nur an der Bar und im Garten gestattet. Es werden auch Caterings angeboten.<\/p>\n<p>[\/et_pb_tab][et_pb_tab title=&#8221;Blick am Abend&#8221; _builder_version=&#8221;4.16&#8243; background_size=&#8221;initial&#8221; background_position=&#8221;top_left&#8221; background_repeat=&#8221;repeat&#8221; global_colors_info=&#8221;{}&#8221;]<img loading=\"lazy\" decoding=\"async\" class=\"wp-image-205 size-full aligncenter\" src=\"http:\/\/fivespices.ch\/restaurant\/wp-content\/uploads\/2016\/02\/full_2.jpg\" alt=\"\" width=\"750\" height=\"617\" srcset=\"https:\/\/fivespices.ch\/restaurant\/wp-content\/uploads\/2016\/02\/full_2.jpg 750w, https:\/\/fivespices.ch\/restaurant\/wp-content\/uploads\/2016\/02\/full_2-300x247.jpg 300w\" sizes=\"(max-width: 750px) 100vw, 750px\" \/><br \/>\n[\/et_pb_tab][et_pb_tab title=&#8221;Thai Select&#8221; _builder_version=&#8221;4.16&#8243; background_size=&#8221;initial&#8221; background_position=&#8221;top_left&#8221; background_repeat=&#8221;repeat&#8221; global_colors_info=&#8221;{}&#8221;]<img loading=\"lazy\" decoding=\"async\" class=\"aligncenter wp-image-204\" src=\"http:\/\/fivespices.ch\/restaurant\/wp-content\/uploads\/2016\/02\/thai_Select.jpg\" alt=\"thai_Select\" width=\"900\" height=\"618\" srcset=\"https:\/\/fivespices.ch\/restaurant\/wp-content\/uploads\/2016\/02\/thai_Select.jpg 450w, https:\/\/fivespices.ch\/restaurant\/wp-content\/uploads\/2016\/02\/thai_Select-300x206.jpg 300w\" sizes=\"(max-width: 900px) 100vw, 900px\" \/><br \/>\n[\/et_pb_tab][\/et_pb_tabs][\/et_pb_column][\/et_pb_row][\/et_pb_section]<\/p>\n","protected":false},"excerpt":{"rendered":"<p>Five Spice WELTOFFEN Aktualisiert am 27.07.2009 Im ehemaligen Divan versucht neu das Thai-Restaurant Five Spice sein Gl\u00fcck mit einer Mischung aus Tradition und Fusion. Five Spice Adresse: Zweierstr. 1068003 Z\u00fcrich\u00a0 (geschlossen seit 30.03.2022) Telefon: Url: https:\/\/www.fivespices.ch\/ \u00d6ffnungszeiten: Karte Street View &nbsp; User-Rating Profil Preise G\u00fcnstig Ambiente Einfach\/ungezwungen Kriterien Attraktiver Garten\/Terasse, Garten\/Terrasse, Kreditkarten &#8211; Ja, Rollstuhlg\u00e4ngig [&hellip;]<\/p>\n","protected":false},"author":2,"featured_media":0,"parent":0,"menu_order":0,"comment_status":"closed","ping_status":"closed","template":"","meta":{"_et_pb_use_builder":"on","_et_pb_old_content":"","_et_gb_content_width":"","footnotes":""},"class_list":["post-107","page","type-page","status-publish","hentry"],"_links":{"self":[{"href":"https:\/\/fivespices.ch\/restaurant\/wp-json\/wp\/v2\/pages\/107","targetHints":{"allow":["GET"]}}],"collection":[{"href":"https:\/\/fivespices.ch\/restaurant\/wp-json\/wp\/v2\/pages"}],"about":[{"href":"https:\/\/fivespices.ch\/restaurant\/wp-json\/wp\/v2\/types\/page"}],"author":[{"embeddable":true,"href":"https:\/\/fivespices.ch\/restaurant\/wp-json\/wp\/v2\/users\/2"}],"replies":[{"embeddable":true,"href":"https:\/\/fivespices.ch\/restaurant\/wp-json\/wp\/v2\/comments?post=107"}],"version-history":[{"count":7,"href":"https:\/\/fivespices.ch\/restaurant\/wp-json\/wp\/v2\/pages\/107\/revisions"}],"predecessor-version":[{"id":864,"href":"https:\/\/fivespices.ch\/restaurant\/wp-json\/wp\/v2\/pages\/107\/revisions\/864"}],"wp:attachment":[{"href":"https:\/\/fivespices.ch\/restaurant\/wp-json\/wp\/v2\/media?parent=107"}],"curies":[{"name":"wp","href":"https:\/\/api.w.org\/{rel}","templated":true}]}}